{"id":123,"date":"2020-05-01T11:45:34","date_gmt":"2020-05-01T09:45:34","guid":{"rendered":"https:\/\/cafes.trottet.ch\/123pack\/?page_id=123"},"modified":"2020-05-01T11:45:34","modified_gmt":"2020-05-01T09:45:34","slug":"faq","status":"publish","type":"page","link":"https:\/\/cafes.trottet.ch\/123pack\/faq\/","title":{"rendered":"FAQ"},"content":{"rendered":"<section class=\"av_textblock_section \"  itemscope=\"itemscope\" itemtype=\"https:\/\/schema.org\/CreativeWork\" ><div class='avia_textblock  '   itemprop=\"text\" ><h1>FAQ<\/h1>\n<\/div><\/section>\n<div  class=\"togglecontainer   toggle_close_all  avia-builder-el-1  el_after_av_textblock  avia-builder-el-last \" >\n<section class=\"av_toggle_section\"  itemscope=\"itemscope\" itemtype=\"https:\/\/schema.org\/CreativeWork\"  >    <div role=\"tablist\" class=\"single_toggle\" data-tags=\"{Tout} \"  >        <p data-fake-id=\"#toggle-id-1\" class=\"toggler \"  itemprop=\"headline\"    role=\"tab\" tabindex=\"0\" aria-controls=\"toggle-id-1-container\">Quel caf\u00e9 vert utilisez-vous ?<span class=\"toggle_icon\" >        <span class=\"vert_icon\"><\/span><span class=\"hor_icon\"><\/span><\/span><\/p>        <div id=\"toggle-id-1-container\" class=\"toggle_wrap \"  >            <div class=\"toggle_content invers-color \"  itemprop=\"text\"   ><p>Nous utilisons du caf\u00e9 vert de &#8230;<\/p>\n            <\/div>        <\/div>    <\/div><\/section>\n<section class=\"av_toggle_section\"  itemscope=\"itemscope\" itemtype=\"https:\/\/schema.org\/CreativeWork\"  >    <div role=\"tablist\" class=\"single_toggle\" data-tags=\"{Tout} \"  >        <p data-fake-id=\"#toggle-id-2\" class=\"toggler \"  itemprop=\"headline\"    role=\"tab\" tabindex=\"0\" aria-controls=\"toggle-id-2-container\">Quelle m\u00e9thode de torr\u00e9faction utilisez-vous ?<span class=\"toggle_icon\" >        <span class=\"vert_icon\"><\/span><span class=\"hor_icon\"><\/span><\/span><\/p>        <div id=\"toggle-id-2-container\" class=\"toggle_wrap \"  >            <div class=\"toggle_content invers-color \"  itemprop=\"text\"   ><p>Nous utilisons &#8230;<\/p>\n            <\/div>        <\/div>    <\/div><\/section>\n<section class=\"av_toggle_section\"  itemscope=\"itemscope\" itemtype=\"https:\/\/schema.org\/CreativeWork\"  >    <div role=\"tablist\" class=\"single_toggle\" data-tags=\"{Tout} \"  >        <p data-fake-id=\"#toggle-id-3\" class=\"toggler \"  itemprop=\"headline\"    role=\"tab\" tabindex=\"0\" aria-controls=\"toggle-id-3-container\">O\u00f9 sont effectu\u00e9s la torr\u00e9faction et le conditionnement du caf\u00e9 ?<span class=\"toggle_icon\" >        <span class=\"vert_icon\"><\/span><span class=\"hor_icon\"><\/span><\/span><\/p>        <div id=\"toggle-id-3-container\" class=\"toggle_wrap \"  >            <div class=\"toggle_content invers-color \"  itemprop=\"text\"   ><p>Le caf\u00e9 est torr\u00e9fi\u00e9 et conditionn\u00e9 dans notre usine de Meyrin \u00e0 Gen\u00e8ve en Suisse.<\/p>\n            <\/div>        <\/div>    <\/div><\/section>\n<\/div>\n","protected":false},"excerpt":{"rendered":"","protected":false},"author":15,"featured_media":0,"parent":0,"menu_order":0,"comment_status":"closed","ping_status":"closed","template":"","meta":[],"_links":{"self":[{"href":"https:\/\/cafes.trottet.ch\/123pack\/wp-json\/wp\/v2\/pages\/123"}],"collection":[{"href":"https:\/\/cafes.trottet.ch\/123pack\/wp-json\/wp\/v2\/pages"}],"about":[{"href":"https:\/\/cafes.trottet.ch\/123pack\/wp-json\/wp\/v2\/types\/page"}],"author":[{"embeddable":true,"href":"https:\/\/cafes.trottet.ch\/123pack\/wp-json\/wp\/v2\/users\/15"}],"replies":[{"embeddable":true,"href":"https:\/\/cafes.trottet.ch\/123pack\/wp-json\/wp\/v2\/comments?post=123"}],"version-history":[{"count":1,"href":"https:\/\/cafes.trottet.ch\/123pack\/wp-json\/wp\/v2\/pages\/123\/revisions"}],"predecessor-version":[{"id":124,"href":"https:\/\/cafes.trottet.ch\/123pack\/wp-json\/wp\/v2\/pages\/123\/revisions\/124"}],"wp:attachment":[{"href":"https:\/\/cafes.trottet.ch\/123pack\/wp-json\/wp\/v2\/media?parent=123"}],"curies":[{"name":"wp","href":"https:\/\/api.w.org\/{rel}","templated":true}]}}