{"id":36,"date":"2020-04-30T13:09:40","date_gmt":"2020-04-30T11:09:40","guid":{"rendered":"https:\/\/cafes.trottet.ch\/123pack\/?page_id=36"},"modified":"2020-05-01T12:12:47","modified_gmt":"2020-05-01T10:12:47","slug":"private-label","status":"publish","type":"page","link":"https:\/\/cafes.trottet.ch\/123pack\/private-label\/","title":{"rendered":"Private label"},"content":{"rendered":"<div id='layer_slider_1'  class='avia-layerslider main_color avia-shadow  avia-builder-el-0  el_before_av_section  avia-builder-el-first  container_wrap fullsize' style='  height: 461px; max-width: 1250px; margin: 0 auto;' ><\/div>\n<div id='av_section_1'  class='avia-section main_color avia-section-default avia-no-border-styling  avia-bg-style-scroll  avia-builder-el-1  el_after_av_layerslider  el_before_av_one_full   container_wrap fullsize' style='background-color: #c1272d;  '  ><div class='container' ><div class='template-page content  av-content-full alpha units'><div class='post-entry post-entry-type-page post-entry-36'><div class='entry-content-wrapper clearfix'>\n<section class=\"av_textblock_section \"  itemscope=\"itemscope\" itemtype=\"https:\/\/schema.org\/CreativeWork\" ><div class='avia_textblock  av_inherit_color '  style='color:#ffffff; '  itemprop=\"text\" ><h1>La solution la plus radicale de se lancer dans le march\u00e9.<\/h1>\n<\/div><\/section>\n<\/div><\/div><\/div><!-- close content main div --><\/div><\/div><div id='after_section_1'  class='main_color av_default_container_wrap container_wrap fullsize' style=' '  ><div class='container' ><div class='template-page content  av-content-full alpha units'><div class='post-entry post-entry-type-page post-entry-36'><div class='entry-content-wrapper clearfix'>\n<div class=\"flex_column av_one_full  flex_column_div av-zero-column-padding first  avia-builder-el-3  el_after_av_section  avia-builder-el-no-sibling  \" style='border-radius:0px; '><section class=\"av_textblock_section \"  itemscope=\"itemscope\" itemtype=\"https:\/\/schema.org\/CreativeWork\" ><div class='avia_textblock  '   itemprop=\"text\" ><h2>Les 5 \u00e9tapes du Private Label<\/h2>\n<\/div><\/section><br \/>\n<div  id=\"etapes-private-label\"  class='avia-timeline-container    avia-builder-el-5  el_after_av_textblock  avia-builder-el-last ' ><ul class='avia-timeline avia-timeline-vertical av-milestone-placement-alternate avia-timeline- avia_animate_when_almost_visible avia-timeline-animate'>\n<li  class='av-milestone av-animated-generic fade-in av-milestone-odd  av-milestone-valign-baseline '><h2 class='av-milestone-date  ' style='font-size:,px; ' id='milestone-'><strong><span class='av-milestone-indicator'><\/span><\/strong><\/h2><div class=\"av-milestone-icon-wrap\"><span class='milestone_icon' ><span class='milestone_inner' ><span class='milestone_number'>1<\/span><\/span><\/span><\/div><article class='av-milestone-content-wrap'><div class='av-milestone-contentbox' ><header class=\"entry-content-header\"><h4  class=' '>Description<\/h4><\/header><div class='av-milestone-content' ><p>D\u00e9crivez votre projet d\u00e9taill\u00e9 \u00e0 notre \u00e9quipe. Les moindres informations nous sont utiles.<\/p>\n<\/div><\/div><footer  class='entry-footer'><\/footer><\/article><\/li>\n<li  class='av-milestone av-animated-generic fade-in av-milestone-even  av-milestone-valign-baseline '><h2 class='av-milestone-date  ' style='font-size:,px; ' id='milestone-'><strong><span class='av-milestone-indicator'><\/span><\/strong><\/h2><article class='av-milestone-content-wrap'><div class='av-milestone-contentbox' ><header class=\"entry-content-header\"><h4  class=' '>Composition<\/h4><\/header><div class='av-milestone-content' ><p>Optez pour une composition pr\u00e9-faite gr\u00e2ce \u00e0 notre liste de formules existantes. Vous \u00e9conomisez ainsi les frais de d\u00e9veloppement.<\/p>\n<\/div><\/div><footer  class='entry-footer'><\/footer><\/article><div class=\"av-milestone-icon-wrap\"><span class='milestone_icon' ><span class='milestone_inner' ><span class='milestone_number'>2<\/span><\/span><\/span><\/div><h2 class='av-milestone-date  ' style='font-size:,px; ' id='milestone-'><strong><span class='av-milestone-indicator'><\/span><\/strong><\/h2><\/li>\n<li  class='av-milestone av-animated-generic fade-in av-milestone-odd  av-milestone-valign-baseline '><h2 class='av-milestone-date  ' style='font-size:,px; ' id='milestone-'><strong><span class='av-milestone-indicator'><\/span><\/strong><\/h2><div class=\"av-milestone-icon-wrap\"><span class='milestone_icon' ><span class='milestone_inner' ><span class='milestone_number'>3<\/span><\/span><\/span><\/div><article class='av-milestone-content-wrap'><div class='av-milestone-contentbox' ><header class=\"entry-content-header\"><h4  class=' '>Personnalisation<\/h4><\/header><div class='av-milestone-content' ><p>Optez pour une composition existante mais changez-en la couleur, l\u2019ar\u00f4me et le packaging.<\/p>\n<\/div><\/div><footer  class='entry-footer'><\/footer><\/article><\/li>\n<li  class='av-milestone av-animated-generic fade-in av-milestone-even  av-milestone-valign-baseline '><h2 class='av-milestone-date  ' style='font-size:,px; ' id='milestone-'><strong><span class='av-milestone-indicator'><\/span><\/strong><\/h2><article class='av-milestone-content-wrap'><div class='av-milestone-contentbox' ><header class=\"entry-content-header\"><h4  class=' '>Emballage<\/h4><\/header><div class='av-milestone-content' ><p>D\u00e9couvrez notre s\u00e9lection d\u2019emballages d\u00e9j\u00e0 pr\u00eats. Parmi nos propositions, optez pour l\u2019emballage qui vous convient.<\/p>\n<\/div><\/div><footer  class='entry-footer'><\/footer><\/article><div class=\"av-milestone-icon-wrap\"><span class='milestone_icon' ><span class='milestone_inner' ><span class='milestone_number'>4<\/span><\/span><\/span><\/div><h2 class='av-milestone-date  ' style='font-size:,px; ' id='milestone-'><strong><span class='av-milestone-indicator'><\/span><\/strong><\/h2><\/li>\n<li  class='av-milestone av-animated-generic fade-in av-milestone-odd  av-milestone-valign-baseline '><h2 class='av-milestone-date  ' style='font-size:,px; ' id='milestone-'><strong><span class='av-milestone-indicator'><\/span><\/strong><\/h2><div class=\"av-milestone-icon-wrap\"><span class='milestone_icon' ><span class='milestone_inner' ><span class='milestone_number'>5<\/span><\/span><\/span><\/div><article class='av-milestone-content-wrap'><div class='av-milestone-contentbox' ><header class=\"entry-content-header\"><h4  class=' '>Retrait<\/h4><\/header><div class='av-milestone-content' ><p>Une fois la production de votre marchandise termin\u00e9e, nous vous invitons \u00e0 retirer votre commande aupr\u00e8s de notre entreprise.<\/p>\n<\/div><\/div><footer  class='entry-footer'><\/footer><\/article><\/li>\n<\/ul><\/div><\/p><\/div>\n","protected":false},"excerpt":{"rendered":"","protected":false},"author":15,"featured_media":0,"parent":0,"menu_order":0,"comment_status":"closed","ping_status":"closed","template":"","meta":[],"_links":{"self":[{"href":"https:\/\/cafes.trottet.ch\/123pack\/wp-json\/wp\/v2\/pages\/36"}],"collection":[{"href":"https:\/\/cafes.trottet.ch\/123pack\/wp-json\/wp\/v2\/pages"}],"about":[{"href":"https:\/\/cafes.trottet.ch\/123pack\/wp-json\/wp\/v2\/types\/page"}],"author":[{"embeddable":true,"href":"https:\/\/cafes.trottet.ch\/123pack\/wp-json\/wp\/v2\/users\/15"}],"replies":[{"embeddable":true,"href":"https:\/\/cafes.trottet.ch\/123pack\/wp-json\/wp\/v2\/comments?post=36"}],"version-history":[{"count":5,"href":"https:\/\/cafes.trottet.ch\/123pack\/wp-json\/wp\/v2\/pages\/36\/revisions"}],"predecessor-version":[{"id":132,"href":"https:\/\/cafes.trottet.ch\/123pack\/wp-json\/wp\/v2\/pages\/36\/revisions\/132"}],"wp:attachment":[{"href":"https:\/\/cafes.trottet.ch\/123pack\/wp-json\/wp\/v2\/media?parent=36"}],"curies":[{"name":"wp","href":"https:\/\/api.w.org\/{rel}","templated":true}]}}