{"id":11,"date":"2020-06-03T17:14:29","date_gmt":"2020-06-03T15:14:29","guid":{"rendered":"https:\/\/cafes.trottet.ch\/crowdfunding\/cf-listing-page\/"},"modified":"2020-06-23T10:32:35","modified_gmt":"2020-06-23T08:32:35","slug":"projets","status":"publish","type":"page","link":"https:\/\/cafes.trottet.ch\/dispa\/projets\/","title":{"rendered":"Projets"},"content":{"rendered":"\t\t<div data-elementor-type=\"wp-page\" data-elementor-id=\"11\" class=\"elementor elementor-11\" data-elementor-settings=\"[]\">\n\t\t\t\t\t\t<div class=\"elementor-inner\">\n\t\t\t\t\t\t\t<div class=\"elementor-section-wrap\">\n\t\t\t\t\t\t\t<section class=\"elementor-section elementor-top-section elementor-element elementor-element-63962f73 elementor-section-boxed elementor-section-height-default elementor-section-height-default\" data-id=\"63962f73\" data-element_type=\"section\">\n\t\t\t\t\t\t<div class=\"elementor-container elementor-column-gap-default\">\n\t\t\t\t\t\t\t<div class=\"elementor-row\">\n\t\t\t\t\t<div class=\"elementor-column elementor-col-100 elementor-top-column elementor-element elementor-element-52252b8d\" data-id=\"52252b8d\" data-element_type=\"column\">\n\t\t\t<div class=\"elementor-column-wrap elementor-element-populated\">\n\t\t\t\t\t\t\t<div class=\"elementor-widget-wrap\">\n\t\t\t\t\t\t<div class=\"elementor-element elementor-element-625820dc elementor-hidden-desktop elementor-hidden-tablet elementor-hidden-phone elementor-widget elementor-widget-shortcode\" data-id=\"625820dc\" data-element_type=\"widget\" data-widget_type=\"shortcode.default\">\n\t\t\t\t<div class=\"elementor-widget-container\">\n\t\t\t\t\t<div class=\"elementor-shortcode\">\n<div class=\"wpneo-wrapper\">\n    <div class=\"wpneo-container\">\n                <div class=\"wpneo-wrapper-inner\">\n                                                <div class=\"wpneo-listings three first\">\n                        <div class=\"wpneo-listing-img\">\n    <a href=\"https:\/\/cafes.trottet.ch\/dispa\/projet\/2239\/\" title=\"Nous cr\u00e9ons une fanfare pour l&rsquo;\u00e9cole primaire de Chichona.\"> <img width=\"300\" height=\"300\" src=\"https:\/\/cafes.trottet.ch\/dispa\/wp-content\/uploads\/sites\/3\/2020\/06\/Ecole_Dispa2-300x300.png\" class=\"attachment-woocommerce_thumbnail size-woocommerce_thumbnail\" alt=\"\" loading=\"lazy\" srcset=\"https:\/\/cafes.trottet.ch\/dispa\/wp-content\/uploads\/sites\/3\/2020\/06\/Ecole_Dispa2-300x300.png 300w, https:\/\/cafes.trottet.ch\/dispa\/wp-content\/uploads\/sites\/3\/2020\/06\/Ecole_Dispa2-150x150.png 150w, https:\/\/cafes.trottet.ch\/dispa\/wp-content\/uploads\/sites\/3\/2020\/06\/Ecole_Dispa2-100x100.png 100w\" sizes=\"(max-width: 300px) 100vw, 300px\" \/><\/a>\n    <div class=\"overlay\">\n\t\t<div>\n\t\t\t<div>\n\t\t\t\t<a href=\"https:\/\/cafes.trottet.ch\/dispa\/projet\/2239\/\">Afficher le projet<\/a>\n\t\t\t<\/div>\n\t\t<\/div>\n\t<\/div>\n<\/div>                        <div class=\"wpneo-listing-content\">\n                            <div class=\"woocommerce\"><\/div><h4><a href=\"https:\/\/cafes.trottet.ch\/dispa\/projet\/2239\/ \">Nous cr\u00e9ons une fanfare pour l&rsquo;\u00e9cole primaire de Chichona.<\/a><\/h4>\n<p class=\"wpneo-author\">by \n\t<a href=\"\/dispa\/wp-json\/wp\/v2\/pages\/11?author=arnela\">Arnela Selimovic<\/a>\n<\/p>\n<div class=\"wpneo-location\">\n    <i class=\"wpneo-icon wpneo-icon-location\"><\/i>\n    <div class=\"wpneo-meta-desc\">10.068441, -84.188322, Costa Rica<\/div>\n<\/div>\n<p class=\"wpneo-short-description\">Apr\u00e8s le financement du mat\u00e9riel scolaire n\u00e9cessaire pour la formation des \u00e9coliers du Costa Rica, Carole Zbinden fait appel \u00e0 nou<\/p>\n<div class=\"wpneo-raised-percent\">\n    <div class=\"wpneo-meta-name\">Collect\u00e9s % :<\/div>\n    <div class=\"wpneo-meta-desc\" >24.00%<\/div>\n<\/div>\n\n<div class=\"wpneo-raised-bar\">\n    <div id=\"neo-progressbar\">\n                <div style=\"width: 24.00%\"><\/div>\n    <\/div>\n<\/div>\n<div class=\"wpneo-funding-data\">\n\t<div class=\"wpneo-funding-goal\">\n\t\t<div class=\"wpneo-meta-desc\"><span class=\"woocommerce-Price-amount amount\"><span class=\"woocommerce-Price-currencySymbol\">&#67;&#72;&#70;<\/span>1'000.00<\/span><\/div>\n\t    <div class=\"wpneo-meta-name\">Objectif<\/div>\n\t<\/div>\n    <div class=\"wpneo-time-remaining\">\n        <div class=\"wpneo-meta-desc\">0<\/div>\n        <div class=\"wpneo-meta-name float-left\">Jours restants<\/div>\n    <\/div>\n\t<div class=\"wpneo-fund-raised\">\n\t\t<div class=\"wpneo-meta-desc\"><span class=\"woocommerce-Price-amount amount\"><span class=\"woocommerce-Price-currencySymbol\">&#67;&#72;&#70;<\/span>240.00<\/span><\/div>\n\t    <div class=\"wpneo-meta-name\">Fond collect\u00e9<\/div>\n\t<\/div>\n<\/div><!--div class=\"wpneo-listing-buttons\">\n    <a href=\"< ?php echo get_permalink(); ? >\" class=\"btn-details\">< ?php echo __('Campaign Details', 'backer'); ? ><\/a>\n<\/div-->                        <\/div>\n                                            <\/div>\n                                    <div class=\"wpneo-listings three \">\n                        <div class=\"wpneo-listing-img\">\n    <a href=\"https:\/\/cafes.trottet.ch\/dispa\/projet\/besoins-de-materiels-scolaires-pour-lecole-de-chichona\/\" title=\"Besoins de mat\u00e9riels scolaires pour l&rsquo;\u00e9cole de Chichona\"> <img width=\"300\" height=\"300\" src=\"https:\/\/cafes.trottet.ch\/dispa\/wp-content\/uploads\/sites\/3\/2020\/06\/projet-responsable-social-costa-rica-1-300x300.jpg\" class=\"attachment-woocommerce_thumbnail size-woocommerce_thumbnail\" alt=\"\" loading=\"lazy\" srcset=\"https:\/\/cafes.trottet.ch\/dispa\/wp-content\/uploads\/sites\/3\/2020\/06\/projet-responsable-social-costa-rica-1-300x300.jpg 300w, https:\/\/cafes.trottet.ch\/dispa\/wp-content\/uploads\/sites\/3\/2020\/06\/projet-responsable-social-costa-rica-1-150x150.jpg 150w, https:\/\/cafes.trottet.ch\/dispa\/wp-content\/uploads\/sites\/3\/2020\/06\/projet-responsable-social-costa-rica-1-100x100.jpg 100w\" sizes=\"(max-width: 300px) 100vw, 300px\" \/><\/a>\n    <div class=\"overlay\">\n\t\t<div>\n\t\t\t<div>\n\t\t\t\t<a href=\"https:\/\/cafes.trottet.ch\/dispa\/projet\/besoins-de-materiels-scolaires-pour-lecole-de-chichona\/\">Afficher le projet<\/a>\n\t\t\t<\/div>\n\t\t<\/div>\n\t<\/div>\n<\/div>                        <div class=\"wpneo-listing-content\">\n                            <div class=\"woocommerce\"><\/div><h4><a href=\"https:\/\/cafes.trottet.ch\/dispa\/projet\/besoins-de-materiels-scolaires-pour-lecole-de-chichona\/ \">Besoins de mat\u00e9riels scolaires pour l&rsquo;\u00e9cole de Chichona<\/a><\/h4>\n<p class=\"wpneo-author\">by \n\t<a href=\"\/dispa\/wp-json\/wp\/v2\/pages\/11?author=arnela\">Arnela Selimovic<\/a>\n<\/p>\n<div class=\"wpneo-location\">\n    <i class=\"wpneo-icon wpneo-icon-location\"><\/i>\n    <div class=\"wpneo-meta-desc\">10.068441, -84.188322, Costa Rica<\/div>\n<\/div>\n<p class=\"wpneo-short-description\">Notre productrice de caf\u00e9, Carole Zbinden, g\u00e8re une plantation au c\u0153ur du Costa Rica, ferme familiale, au c\u0153ur de El Quizarra \u00e0 pl<\/p>\n<div class=\"wpneo-raised-percent\">\n    <div class=\"wpneo-meta-name\">Collect\u00e9s % :<\/div>\n    <div class=\"wpneo-meta-desc\" >100.00%<\/div>\n<\/div>\n\n<div class=\"wpneo-raised-bar\">\n    <div id=\"neo-progressbar\">\n                <div style=\"width: 100%\"><\/div>\n    <\/div>\n<\/div>\n<div class=\"wpneo-funding-data\">\n\t<div class=\"wpneo-funding-goal\">\n\t\t<div class=\"wpneo-meta-desc\"><span class=\"woocommerce-Price-amount amount\"><span class=\"woocommerce-Price-currencySymbol\">&#67;&#72;&#70;<\/span>6'000.00<\/span><\/div>\n\t    <div class=\"wpneo-meta-name\">Objectif<\/div>\n\t<\/div>\n    <div class=\"wpneo-time-remaining\">\n        <div class=\"wpneo-meta-desc\">0<\/div>\n        <div class=\"wpneo-meta-name float-left\">Jours restants<\/div>\n    <\/div>\n\t<div class=\"wpneo-fund-raised\">\n\t\t<div class=\"wpneo-meta-desc\"><span class=\"woocommerce-Price-amount amount\"><span class=\"woocommerce-Price-currencySymbol\">&#67;&#72;&#70;<\/span>6'000.00<\/span><\/div>\n\t    <div class=\"wpneo-meta-name\">Fond collect\u00e9<\/div>\n\t<\/div>\n<\/div><!--div class=\"wpneo-listing-buttons\">\n    <a href=\"< ?php echo get_permalink(); ? >\" class=\"btn-details\">< ?php echo __('Campaign Details', 'backer'); ? ><\/a>\n<\/div-->                        <\/div>\n                                            <\/div>\n                                    <\/div>\n                <div class=\"wpneo-pagination\">\n    <\/div>    <\/div>\n<\/div>\n<\/div>\n\t\t\t\t<\/div>\n\t\t\t\t<\/div>\n\t\t\t\t\t\t<\/div>\n\t\t\t\t\t<\/div>\n\t\t<\/div>\n\t\t\t\t\t\t\t\t<\/div>\n\t\t\t\t\t<\/div>\n\t\t<\/section>\n\t\t\t\t<section class=\"elementor-section elementor-top-section elementor-element elementor-element-736604b elementor-section-boxed elementor-section-height-default elementor-section-height-default\" data-id=\"736604b\" data-element_type=\"section\">\n\t\t\t\t\t\t<div class=\"elementor-container elementor-column-gap-default\">\n\t\t\t\t\t\t\t<div class=\"elementor-row\">\n\t\t\t\t\t<div class=\"elementor-column elementor-col-100 elementor-top-column elementor-element elementor-element-68505b5\" data-id=\"68505b5\" data-element_type=\"column\">\n\t\t\t<div class=\"elementor-column-wrap elementor-element-populated\">\n\t\t\t\t\t\t\t<div class=\"elementor-widget-wrap\">\n\t\t\t\t\t\t<div class=\"elementor-element elementor-element-ec0fbe8 elementor-hidden-desktop elementor-hidden-tablet elementor-hidden-phone elementor-widget elementor-widget-thm-title\" data-id=\"ec0fbe8\" data-element_type=\"widget\" data-widget_type=\"thm-title.default\">\n\t\t\t\t<div class=\"elementor-widget-container\">\n\t\t\t\n\t\t<div class=\"backer-title-content-wrapper\">\n\n\t\t\t\t\t\t\t\t\t\t\t\t<h2 class=\"thm-heading-title bordered\"><span>Projets<\/span><\/h2>\n\t\t\t\t\t\t\t\t\t\t\t\n\t\t<\/div>\n\n\t\t\t\t<\/div>\n\t\t\t\t<\/div>\n\t\t\t\t<div class=\"elementor-element elementor-element-705cc2d elementor-widget elementor-widget-backer-product-grid\" data-id=\"705cc2d\" data-element_type=\"widget\" data-widget_type=\"backer-product-grid.default\">\n\t\t\t\t<div class=\"elementor-widget-container\">\n\t\t\t\t\t\t<div class=\"row\">\n\t\t\t\t\t\t\t\t\t\t\t\t<div class=\"col-12 col-sm-12 col-md-6 col-lg-4\">\t\t\t\t\t\t<div class=\"themeum-campaign-post\">\n\t\t\t\t\t\t\t\t\t\t\t\t\t\t\t<div class=\"themeum-campaign-img status-active\">\n\t\t\t\t\t\t\t\t\t<a class=\"review-item-image\"  href=\"https:\/\/cafes.trottet.ch\/dispa\/projet\/2239\/\">\n\t\t\t\t\t\t\t\t\t\t<img width=\"600\" height=\"500\" src=\"https:\/\/cafes.trottet.ch\/dispa\/wp-content\/uploads\/sites\/3\/2020\/06\/Ecole_Dispa2-600x500.png\" class=\"img-fluid wp-post-image\" alt=\"\" loading=\"lazy\" \/>\t\t\t\t\t\t\t\t\t<\/a>\n\t\t\t\t\t\t\t\t<\/div>\n\t\t\t\t\t\t\t\t\t\t\t\t\t\t<div class=\"themeum-campaign-post-content clearfix\">\n\t\t\t\t\t\t    \t<h3 class=\"entry-title\"><a href=\"https:\/\/cafes.trottet.ch\/dispa\/projet\/2239\/\">Nous cr\u00e9ons une fanfare pour l&rsquo;\u00e9cole primaire de Chichona.<\/a><\/h3>\n\t\t\t\t\t\t\t\t\t\t\t\t\t\t\t\t<p><h3><strong>A la recherche de CHF 1'000.- pour cr\u00e9er une fanfare \u00e0 l'\u00e9cole de Chichona au coeur du Costa Rica.<\/strong><\/h3><\/p>\n\t\t\t\t\t\t\t<\/div>\n\t\t\t\t\t\t\t<div class=\"progressbar-content-wrapper\">\n\t\t\t\t\t\t\t\t<div class=\"thm-progress-bar\">\n\t\t\t\t\t\t\t\t\t<div class=\"lead\"><span class=\"thm-Price-amount\"><span class=\"woocommerce-Price-amount amount\"><span class=\"woocommerce-Price-currencySymbol\">&#67;&#72;&#70;<\/span>240.00<\/span><\/span> Collect\u00e9s <span class=\"percentag pull-right\">24.00%<\/span><\/div>\n\t\t\t\t\t\t\t\t\t<div class=\"progress\">\n\t\t\t\t\t\t\t\t\t\t\t\t\t\t\t\t\t\t<div class=\"progress-bar progress-bar-primary six-sec-ease-in-out\" role=\"progressbar\" data-valuetransitiongoal=\"24.00\" style=\"width: 24.00%;\"><\/div>\n\t\t\t\t\t\t\t\t\t<\/div>\n\t\t\t\t\t\t\t\t<\/div>\n\n\n\t\t\t\t\t\t\t\t<div class=\"thm-funding-goal\">\n\t\t\t\t\t\t\t\t\t<div class=\"thm-meta-desc\"><span class=\"thm-Price-amount\"><span class=\"woocommerce-Price-amount amount\"><span class=\"woocommerce-Price-currencySymbol\">&#67;&#72;&#70;<\/span>1'000.00<\/span> <\/span>Objectif<\/div>\n\n\t\t\t\t\t\t\t\t\t\t\t\t\t\t\t\t\t    \t<div class=\"thm-meta-name pull-right\">0 Jours restants<\/div>\n\t\t\t\t\t\t\t\t\t\t\t\t\t\t\t\t\t<\/div>\n\n\n\t\t\t\t\t\t\t<\/div>\n\t\t\t\t\t\t\t<div class=\"themeum-campaign-location\">\n\t\t\t\t\t\t\t<span class=\"location\"><i class=\"fa fa-map-marker\"><\/i> Costa Rica<\/span>\n\t\t\t\t\t\t\t<\/div>\n\t\t\t\t\t\t<\/div>\n\t\t\t\t\t<\/div>\n\t\t\t\t\t\t\t\t\t<div class=\"col-12 col-sm-12 col-md-6 col-lg-4\">\t\t\t\t\t\t<div class=\"themeum-campaign-post\">\n\t\t\t\t\t\t\t\t\t\t\t\t\t\t\t<div class=\"themeum-campaign-img status-terminated\">\n\t\t\t\t\t\t\t\t\t<a class=\"review-item-image\"  href=\"https:\/\/cafes.trottet.ch\/dispa\/projet\/besoins-de-materiels-scolaires-pour-lecole-de-chichona\/\">\n\t\t\t\t\t\t\t\t\t\t<img width=\"600\" height=\"500\" src=\"https:\/\/cafes.trottet.ch\/dispa\/wp-content\/uploads\/sites\/3\/2020\/06\/projet-responsable-social-costa-rica-1-600x500.jpg\" class=\"img-fluid wp-post-image\" alt=\"\" loading=\"lazy\" \/>\t\t\t\t\t\t\t\t\t<\/a>\n\t\t\t\t\t\t\t\t<\/div>\n\t\t\t\t\t\t\t\t\t\t\t\t\t\t<div class=\"themeum-campaign-post-content clearfix\">\n\t\t\t\t\t\t    \t<h3 class=\"entry-title\"><a href=\"https:\/\/cafes.trottet.ch\/dispa\/projet\/besoins-de-materiels-scolaires-pour-lecole-de-chichona\/\">Besoins de mat\u00e9riels scolaires pour l&rsquo;\u00e9cole de Chichona<\/a><\/h3>\n\t\t\t\t\t\t\t\t\t\t\t\t\t\t\t\t<p>Notre productrice de caf\u00e9, Carole Zbinden, g\u00e8re une plantation au c\u0153ur du Costa Rica, ferme familiale, au c\u0153ur de El Quizarra <\/p>\n\t\t\t\t\t\t\t<\/div>\n\t\t\t\t\t\t\t<div class=\"progressbar-content-wrapper\">\n\t\t\t\t\t\t\t\t<div class=\"thm-progress-bar\">\n\t\t\t\t\t\t\t\t\t<div class=\"lead\"><span class=\"thm-Price-amount\"><span class=\"woocommerce-Price-amount amount\"><span class=\"woocommerce-Price-currencySymbol\">&#67;&#72;&#70;<\/span>6'000.00<\/span><\/span> Collect\u00e9s <span class=\"percentag pull-right\">100.00%<\/span><\/div>\n\t\t\t\t\t\t\t\t\t<div class=\"progress\">\n\t\t\t\t\t\t\t\t\t\t\t\t\t\t\t\t\t\t<div class=\"progress-bar progress-bar-primary six-sec-ease-in-out\" role=\"progressbar\" data-valuetransitiongoal=\"100\" style=\"width: 100%;\"><\/div>\n\t\t\t\t\t\t\t\t\t<\/div>\n\t\t\t\t\t\t\t\t<\/div>\n\n\n\t\t\t\t\t\t\t\t<div class=\"thm-funding-goal\">\n\t\t\t\t\t\t\t\t\t<div class=\"thm-meta-desc\"><span class=\"thm-Price-amount\"><span class=\"woocommerce-Price-amount amount\"><span class=\"woocommerce-Price-currencySymbol\">&#67;&#72;&#70;<\/span>6'000.00<\/span> <\/span>Objectif<\/div>\n\n\t\t\t\t\t\t\t\t\t\t\t\t\t\t\t\t\t    \t<div class=\"thm-meta-name pull-right\">0 Jours restants<\/div>\n\t\t\t\t\t\t\t\t\t\t\t\t\t\t\t\t\t<\/div>\n\n\n\t\t\t\t\t\t\t<\/div>\n\t\t\t\t\t\t\t<div class=\"themeum-campaign-location\">\n\t\t\t\t\t\t\t<span class=\"location\"><i class=\"fa fa-map-marker\"><\/i> Costa Rica<\/span>\n\t\t\t\t\t\t\t<\/div>\n\t\t\t\t\t\t<\/div>\n\t\t\t\t\t<\/div>\n\t\t\t\t\t\t\t        <div class=\"col-12\">\n\t\t\t\t        \t\t\t        <\/div>\n\t\t\t    \t\t\t\t\t<\/div>\n\t\n\n\t\t\t<\/div>\n\t\t\t\t<\/div>\n\t\t\t\t\t\t<\/div>\n\t\t\t\t\t<\/div>\n\t\t<\/div>\n\t\t\t\t\t\t\t\t<\/div>\n\t\t\t\t\t<\/div>\n\t\t<\/section>\n\t\t\t\t\t\t<\/div>\n\t\t\t\t\t\t<\/div>\n\t\t\t\t\t<\/div>\n\t\t","protected":false},"excerpt":{"rendered":"<p>Projets Aidons les \u00e9coliers \u00e0 cr\u00e9er leur fanfare ! Apr\u00e8s le financement du mat\u00e9riel scolaire n\u00e9cessaire pour la formation des \u00e9coliers du Costa &#67;&#72;&#70;0.00 Collect\u00e9s 0% &#67;&#72;&#70;1&rsquo;000.00 Objectif 0 Jours restants Costa Rica Soutien aux \u00e9coliers du Costa Rica Notre productrice de caf\u00e9, Carole Zbinden, g\u00e8re une plantation au c\u0153ur du Costa Rica, ferme &#67;&#72;&#70;0.00 [&hellip;]<\/p>\n","protected":false},"author":15,"featured_media":0,"parent":0,"menu_order":0,"comment_status":"closed","ping_status":"closed","template":"","meta":[],"wpcf_dashboard":"<div class=\"woocommerce\"><div class=\"woocommerce-info\">Veuillez d\u2019abord vous identifier\u00a0? <a class=\"wpneoShowLogin\" href=\"#\">Cliquez ici pour vous identifier<\/a><\/div><div class=\"wpneo_login_form_div\" style=\"display: none;\"><form name=\"loginform\" id=\"loginform\" action=\"https:\/\/cafes.trottet.ch\/dispa\/wp-login.php\" method=\"post\"><p class=\"login-username\">\n\t\t\t\t<label for=\"user_login\">Identifiant ou adresse e-mail<\/label>\n\t\t\t\t<input type=\"text\" name=\"log\" id=\"user_login\" class=\"input\" value=\"\" size=\"20\" \/>\n\t\t\t<\/p><p class=\"login-password\">\n\t\t\t\t<label for=\"user_pass\">Mot de passe<\/label>\n\t\t\t\t<input type=\"password\" name=\"pwd\" id=\"user_pass\" class=\"input\" value=\"\" size=\"20\" \/>\n\t\t\t<\/p><p class=\"login-remember\"><label><input name=\"rememberme\" type=\"checkbox\" id=\"rememberme\" value=\"forever\" \/> Se souvenir de moi<\/label><\/p><p class=\"login-submit\">\n\t\t\t\t<input type=\"submit\" name=\"wp-submit\" id=\"wp-submit\" class=\"button button-primary\" value=\"Se connecter\" \/>\n\t\t\t\t<input type=\"hidden\" name=\"redirect_to\" value=\"https:\/\/cafes.trottet.ch\/dispa\/wp-json\/wp\/v2\/pages\/11\" \/>\n\t\t\t<\/p><\/form><\/div><\/div>","_links":{"self":[{"href":"https:\/\/cafes.trottet.ch\/dispa\/wp-json\/wp\/v2\/pages\/11"}],"collection":[{"href":"https:\/\/cafes.trottet.ch\/dispa\/wp-json\/wp\/v2\/pages"}],"about":[{"href":"https:\/\/cafes.trottet.ch\/dispa\/wp-json\/wp\/v2\/types\/page"}],"author":[{"embeddable":true,"href":"https:\/\/cafes.trottet.ch\/dispa\/wp-json\/wp\/v2\/users\/15"}],"replies":[{"embeddable":true,"href":"https:\/\/cafes.trottet.ch\/dispa\/wp-json\/wp\/v2\/comments?post=11"}],"version-history":[{"count":8,"href":"https:\/\/cafes.trottet.ch\/dispa\/wp-json\/wp\/v2\/pages\/11\/revisions"}],"predecessor-version":[{"id":2219,"href":"https:\/\/cafes.trottet.ch\/dispa\/wp-json\/wp\/v2\/pages\/11\/revisions\/2219"}],"wp:attachment":[{"href":"https:\/\/cafes.trottet.ch\/dispa\/wp-json\/wp\/v2\/media?parent=11"}],"curies":[{"name":"wp","href":"https:\/\/api.w.org\/{rel}","templated":true}]}}