{"id":2169,"date":"2020-06-19T10:35:43","date_gmt":"2020-06-19T08:35:43","guid":{"rendered":"https:\/\/cafes.trottet.ch\/crowdfunding\/?page_id=2169"},"modified":"2020-06-23T17:39:02","modified_gmt":"2020-06-23T15:39:02","slug":"cookies","status":"publish","type":"page","link":"https:\/\/cafes.trottet.ch\/dispa\/cookies\/","title":{"rendered":"Cookies"},"content":{"rendered":"\t\t<div data-elementor-type=\"wp-page\" data-elementor-id=\"2169\" class=\"elementor elementor-2169\" data-elementor-settings=\"[]\">\n\t\t\t\t\t\t<div class=\"elementor-inner\">\n\t\t\t\t\t\t\t<div class=\"elementor-section-wrap\">\n\t\t\t\t\t\t\t<section class=\"elementor-section elementor-top-section elementor-element elementor-element-45b1a55b elementor-section-boxed elementor-section-height-default elementor-section-height-default\" data-id=\"45b1a55b\" data-element_type=\"section\">\n\t\t\t\t\t\t<div class=\"elementor-container elementor-column-gap-default\">\n\t\t\t\t\t\t\t<div class=\"elementor-row\">\n\t\t\t\t\t<div class=\"elementor-column elementor-col-100 elementor-top-column elementor-element elementor-element-3a236e\" data-id=\"3a236e\" data-element_type=\"column\">\n\t\t\t<div class=\"elementor-column-wrap elementor-element-populated\">\n\t\t\t\t\t\t\t<div class=\"elementor-widget-wrap\">\n\t\t\t\t\t\t<div class=\"elementor-element elementor-element-1ed6f986 elementor-widget elementor-widget-text-editor\" data-id=\"1ed6f986\" data-element_type=\"widget\" data-widget_type=\"text-editor.default\">\n\t\t\t\t<div class=\"elementor-widget-container\">\n\t\t\t\t\t\t\t\t<div class=\"elementor-text-editor elementor-clearfix\">\n\t\t\t\t\t<p><!-- wp:paragraph --><\/p>\n<h2 class=\"MsoNormal\" style=\"text-align: justify;\">Gestion des cookies<\/h2>\n<p class=\"MsoNormal\" style=\"text-align: justify;\">Pour vous offrir une exp\u00e9rience unique lors de vos contributions, nous utilisons les Cookies. Ils nous permettent de vous identifier en tant qu\u2019utilisateur, donateur, contributeur. Nous acc\u00e9dons ainsi \u00e0 vos donn\u00e9es, vos dons et participations.<\/p>\n<p class=\"MsoNormal\" style=\"text-align: justify;\">\u00a0<\/p>\n<h4 class=\"MsoNormal\" style=\"text-align: justify;\">Qu\u2019est-ce qu\u2019un cookie\u00a0?<\/h4>\n<p class=\"MsoNormal\" style=\"text-align: justify;\">Au c\u0153ur de votre ordinateur, votre navigateur internet contr\u00f4le et est compos\u00e9 de ce qu\u2019on appelle des cookies. Il s\u2019agit d\u2019un petit bout de texte qui entre dans votre ordinateur, laiss\u00e9 par votre navigateur internet. Ce petit bout de texte permet de vous retracer dans vos recherches pour vous proposer une meilleure exp\u00e9rience et des exp\u00e9riences similaires ou plus personnalis\u00e9es selon vos recherches.<\/p>\n<h4 class=\"MsoNormal\" style=\"text-align: justify;\">Les cookies sur la Plateforme DISPA<\/h4>\n<p class=\"MsoNormal\" style=\"text-align: justify;\">DISPA s\u2019occupe de d\u00e9poser un petit bout de fichier sur votre ordinateur pour chaque utilisateur. Cela vous permet de naviguer en toute s\u00e9curit\u00e9, de mani\u00e8re personnalis\u00e9e.<\/p>\n<p class=\"MsoNormal\" style=\"text-align: justify;\">\u00a0<\/p>\n<p>\u00a0<\/p>\n<p class=\"MsoNormal\" style=\"text-align: justify;\">\u00a0<\/p>\n<p><!-- \/wp:spacer --><\/p>\t\t\t\t\t<\/div>\n\t\t\t\t\t\t<\/div>\n\t\t\t\t<\/div>\n\t\t\t\t\t\t<\/div>\n\t\t\t\t\t<\/div>\n\t\t<\/div>\n\t\t\t\t\t\t\t\t<\/div>\n\t\t\t\t\t<\/div>\n\t\t<\/section>\n\t\t\t\t\t\t<\/div>\n\t\t\t\t\t\t<\/div>\n\t\t\t\t\t<\/div>\n\t\t","protected":false},"excerpt":{"rendered":"<p>Gestion des cookies Pour vous offrir une exp\u00e9rience unique lors de vos contributions, nous utilisons les Cookies. Ils nous permettent de vous identifier en tant qu\u2019utilisateur, donateur, contributeur. Nous acc\u00e9dons ainsi \u00e0 vos donn\u00e9es, vos dons et participations. \u00a0 Qu\u2019est-ce qu\u2019un cookie\u00a0? Au c\u0153ur de votre ordinateur, votre navigateur internet contr\u00f4le et est compos\u00e9 de [&hellip;]<\/p>\n","protected":false},"author":15,"featured_media":0,"parent":0,"menu_order":0,"comment_status":"closed","ping_status":"closed","template":"","meta":[],"wpcf_dashboard":"<div class=\"woocommerce\"><div class=\"woocommerce-info\">Veuillez d\u2019abord vous identifier\u00a0? <a class=\"wpneoShowLogin\" href=\"#\">Cliquez ici pour vous identifier<\/a><\/div><div class=\"wpneo_login_form_div\" style=\"display: none;\"><form name=\"loginform\" id=\"loginform\" action=\"https:\/\/cafes.trottet.ch\/dispa\/wp-login.php\" method=\"post\"><p class=\"login-username\">\n\t\t\t\t<label for=\"user_login\">Identifiant ou adresse e-mail<\/label>\n\t\t\t\t<input type=\"text\" name=\"log\" id=\"user_login\" class=\"input\" value=\"\" size=\"20\" \/>\n\t\t\t<\/p><p class=\"login-password\">\n\t\t\t\t<label for=\"user_pass\">Mot de passe<\/label>\n\t\t\t\t<input type=\"password\" name=\"pwd\" id=\"user_pass\" class=\"input\" value=\"\" size=\"20\" \/>\n\t\t\t<\/p><p class=\"login-remember\"><label><input name=\"rememberme\" type=\"checkbox\" id=\"rememberme\" value=\"forever\" \/> Se souvenir de moi<\/label><\/p><p class=\"login-submit\">\n\t\t\t\t<input type=\"submit\" name=\"wp-submit\" id=\"wp-submit\" class=\"button button-primary\" value=\"Se connecter\" \/>\n\t\t\t\t<input type=\"hidden\" name=\"redirect_to\" value=\"https:\/\/cafes.trottet.ch\/dispa\/wp-json\/wp\/v2\/pages\/2169\" \/>\n\t\t\t<\/p><\/form><\/div><\/div>","_links":{"self":[{"href":"https:\/\/cafes.trottet.ch\/dispa\/wp-json\/wp\/v2\/pages\/2169"}],"collection":[{"href":"https:\/\/cafes.trottet.ch\/dispa\/wp-json\/wp\/v2\/pages"}],"about":[{"href":"https:\/\/cafes.trottet.ch\/dispa\/wp-json\/wp\/v2\/types\/page"}],"author":[{"embeddable":true,"href":"https:\/\/cafes.trottet.ch\/dispa\/wp-json\/wp\/v2\/users\/15"}],"replies":[{"embeddable":true,"href":"https:\/\/cafes.trottet.ch\/dispa\/wp-json\/wp\/v2\/comments?post=2169"}],"version-history":[{"count":3,"href":"https:\/\/cafes.trottet.ch\/dispa\/wp-json\/wp\/v2\/pages\/2169\/revisions"}],"predecessor-version":[{"id":2236,"href":"https:\/\/cafes.trottet.ch\/dispa\/wp-json\/wp\/v2\/pages\/2169\/revisions\/2236"}],"wp:attachment":[{"href":"https:\/\/cafes.trottet.ch\/dispa\/wp-json\/wp\/v2\/media?parent=2169"}],"curies":[{"name":"wp","href":"https:\/\/api.w.org\/{rel}","templated":true}]}}