{"id":2171,"date":"2020-06-19T10:36:35","date_gmt":"2020-06-19T08:36:35","guid":{"rendered":"https:\/\/cafes.trottet.ch\/crowdfunding\/?page_id=2171"},"modified":"2020-06-23T17:27:30","modified_gmt":"2020-06-23T15:27:30","slug":"service-de-paiement","status":"publish","type":"page","link":"https:\/\/cafes.trottet.ch\/dispa\/service-de-paiement\/","title":{"rendered":"Service de paiement"},"content":{"rendered":"\t\t<div data-elementor-type=\"wp-page\" data-elementor-id=\"2171\" class=\"elementor elementor-2171\" data-elementor-settings=\"[]\">\n\t\t\t\t\t\t<div class=\"elementor-inner\">\n\t\t\t\t\t\t\t<div class=\"elementor-section-wrap\">\n\t\t\t\t\t\t\t<section class=\"elementor-section elementor-top-section elementor-element elementor-element-2caf7e0 elementor-section-boxed elementor-section-height-default elementor-section-height-default\" data-id=\"2caf7e0\" data-element_type=\"section\">\n\t\t\t\t\t\t<div class=\"elementor-container elementor-column-gap-default\">\n\t\t\t\t\t\t\t<div class=\"elementor-row\">\n\t\t\t\t\t<div class=\"elementor-column elementor-col-100 elementor-top-column elementor-element elementor-element-d74acb2\" data-id=\"d74acb2\" data-element_type=\"column\">\n\t\t\t<div class=\"elementor-column-wrap elementor-element-populated\">\n\t\t\t\t\t\t\t<div class=\"elementor-widget-wrap\">\n\t\t\t\t\t\t<div class=\"elementor-element elementor-element-8735dcf elementor-widget elementor-widget-image\" data-id=\"8735dcf\" data-element_type=\"widget\" data-widget_type=\"image.default\">\n\t\t\t\t<div class=\"elementor-widget-container\">\n\t\t\t\t\t\t\t\t<div class=\"elementor-image\">\n\t\t\t\t\t\t\t\t\t\t\t\t<img width=\"1024\" height=\"51\" src=\"https:\/\/cafes.trottet.ch\/dispa\/wp-content\/uploads\/sites\/3\/2020\/06\/dispa-image-2-1-1024x51.png\" class=\"attachment-large size-large\" alt=\"\" loading=\"lazy\" srcset=\"https:\/\/cafes.trottet.ch\/dispa\/wp-content\/uploads\/sites\/3\/2020\/06\/dispa-image-2-1-1024x51.png 1024w, https:\/\/cafes.trottet.ch\/dispa\/wp-content\/uploads\/sites\/3\/2020\/06\/dispa-image-2-1-300x15.png 300w, https:\/\/cafes.trottet.ch\/dispa\/wp-content\/uploads\/sites\/3\/2020\/06\/dispa-image-2-1-768x39.png 768w, https:\/\/cafes.trottet.ch\/dispa\/wp-content\/uploads\/sites\/3\/2020\/06\/dispa-image-2-1-600x30.png 600w, https:\/\/cafes.trottet.ch\/dispa\/wp-content\/uploads\/sites\/3\/2020\/06\/dispa-image-2-1.png 1074w\" sizes=\"(max-width: 1024px) 100vw, 1024px\" \/>\t\t\t\t\t\t\t\t\t\t\t\t\t\t<\/div>\n\t\t\t\t\t\t<\/div>\n\t\t\t\t<\/div>\n\t\t\t\t\t\t<\/div>\n\t\t\t\t\t<\/div>\n\t\t<\/div>\n\t\t\t\t\t\t\t\t<\/div>\n\t\t\t\t\t<\/div>\n\t\t<\/section>\n\t\t\t\t<section class=\"elementor-section elementor-top-section elementor-element elementor-element-7dbbb564 elementor-section-boxed elementor-section-height-default elementor-section-height-default\" data-id=\"7dbbb564\" data-element_type=\"section\">\n\t\t\t\t\t\t<div class=\"elementor-container elementor-column-gap-default\">\n\t\t\t\t\t\t\t<div class=\"elementor-row\">\n\t\t\t\t\t<div class=\"elementor-column elementor-col-100 elementor-top-column elementor-element elementor-element-3d57ff79\" data-id=\"3d57ff79\" data-element_type=\"column\">\n\t\t\t<div class=\"elementor-column-wrap elementor-element-populated\">\n\t\t\t\t\t\t\t<div class=\"elementor-widget-wrap\">\n\t\t\t\t\t\t<div class=\"elementor-element elementor-element-2cdcbf6e elementor-widget elementor-widget-text-editor\" data-id=\"2cdcbf6e\" data-element_type=\"widget\" data-widget_type=\"text-editor.default\">\n\t\t\t\t<div class=\"elementor-widget-container\">\n\t\t\t\t\t\t\t\t<div class=\"elementor-text-editor elementor-clearfix\">\n\t\t\t\t\t<!-- wp:paragraph -->\n<p>En plus de nos conditions g\u00e9n\u00e9rales d&rsquo;utilisation de la Plateforme, les conditions g\u00e9n\u00e9rales d&rsquo;utilisation du service de paiement \u00ab\u00a0Stripe\u00a0\u00bb s&rsquo;appliquent \u00e9galement \u00e0 toutes transactions\/contributions effectu\u00e9es.\u00a0<\/p>\n<p>Voici le lien :\u00a0<\/p>\n<p>https:\/\/stripe.com\/fr-ch\/legal<\/p>\n<!-- \/wp:spacer -->\t\t\t\t\t<\/div>\n\t\t\t\t\t\t<\/div>\n\t\t\t\t<\/div>\n\t\t\t\t\t\t<\/div>\n\t\t\t\t\t<\/div>\n\t\t<\/div>\n\t\t\t\t\t\t\t\t<\/div>\n\t\t\t\t\t<\/div>\n\t\t<\/section>\n\t\t\t\t\t\t<\/div>\n\t\t\t\t\t\t<\/div>\n\t\t\t\t\t<\/div>\n\t\t","protected":false},"excerpt":{"rendered":"<p>En plus de nos conditions g\u00e9n\u00e9rales d&rsquo;utilisation de la Plateforme, les conditions g\u00e9n\u00e9rales d&rsquo;utilisation du service de paiement \u00ab\u00a0Stripe\u00a0\u00bb s&rsquo;appliquent \u00e9galement \u00e0 toutes transactions\/contributions effectu\u00e9es.\u00a0 Voici le lien :\u00a0 https:\/\/stripe.com\/fr-ch\/legal<\/p>\n","protected":false},"author":15,"featured_media":0,"parent":0,"menu_order":0,"comment_status":"closed","ping_status":"closed","template":"","meta":[],"wpcf_dashboard":"<div class=\"woocommerce\"><div class=\"woocommerce-info\">Veuillez d\u2019abord vous identifier\u00a0? <a class=\"wpneoShowLogin\" href=\"#\">Cliquez ici pour vous identifier<\/a><\/div><div class=\"wpneo_login_form_div\" style=\"display: none;\"><form name=\"loginform\" id=\"loginform\" action=\"https:\/\/cafes.trottet.ch\/dispa\/wp-login.php\" method=\"post\"><p class=\"login-username\">\n\t\t\t\t<label for=\"user_login\">Identifiant ou adresse e-mail<\/label>\n\t\t\t\t<input type=\"text\" name=\"log\" id=\"user_login\" class=\"input\" value=\"\" size=\"20\" \/>\n\t\t\t<\/p><p class=\"login-password\">\n\t\t\t\t<label for=\"user_pass\">Mot de passe<\/label>\n\t\t\t\t<input type=\"password\" name=\"pwd\" id=\"user_pass\" class=\"input\" value=\"\" size=\"20\" \/>\n\t\t\t<\/p><p class=\"login-remember\"><label><input name=\"rememberme\" type=\"checkbox\" id=\"rememberme\" value=\"forever\" \/> Se souvenir de moi<\/label><\/p><p class=\"login-submit\">\n\t\t\t\t<input type=\"submit\" name=\"wp-submit\" id=\"wp-submit\" class=\"button button-primary\" value=\"Se connecter\" \/>\n\t\t\t\t<input type=\"hidden\" name=\"redirect_to\" value=\"https:\/\/cafes.trottet.ch\/dispa\/wp-json\/wp\/v2\/pages\/2171\" \/>\n\t\t\t<\/p><\/form><\/div><\/div>","_links":{"self":[{"href":"https:\/\/cafes.trottet.ch\/dispa\/wp-json\/wp\/v2\/pages\/2171"}],"collection":[{"href":"https:\/\/cafes.trottet.ch\/dispa\/wp-json\/wp\/v2\/pages"}],"about":[{"href":"https:\/\/cafes.trottet.ch\/dispa\/wp-json\/wp\/v2\/types\/page"}],"author":[{"embeddable":true,"href":"https:\/\/cafes.trottet.ch\/dispa\/wp-json\/wp\/v2\/users\/15"}],"replies":[{"embeddable":true,"href":"https:\/\/cafes.trottet.ch\/dispa\/wp-json\/wp\/v2\/comments?post=2171"}],"version-history":[{"count":3,"href":"https:\/\/cafes.trottet.ch\/dispa\/wp-json\/wp\/v2\/pages\/2171\/revisions"}],"predecessor-version":[{"id":2235,"href":"https:\/\/cafes.trottet.ch\/dispa\/wp-json\/wp\/v2\/pages\/2171\/revisions\/2235"}],"wp:attachment":[{"href":"https:\/\/cafes.trottet.ch\/dispa\/wp-json\/wp\/v2\/media?parent=2171"}],"curies":[{"name":"wp","href":"https:\/\/api.w.org\/{rel}","templated":true}]}}