{"id":24,"date":"2017-05-03T11:27:26","date_gmt":"2017-05-03T11:27:26","guid":{"rendered":"http:\/\/demo.themeum.com\/wordpress\/backer\/?page_id=24"},"modified":"2020-07-01T16:51:02","modified_gmt":"2020-07-01T14:51:02","slug":"home","status":"publish","type":"page","link":"https:\/\/cafes.trottet.ch\/dispa\/","title":{"rendered":"Accueil"},"content":{"rendered":"\t\t<div data-elementor-type=\"wp-page\" data-elementor-id=\"24\" class=\"elementor elementor-24\" data-elementor-settings=\"[]\">\n\t\t\t\t\t\t<div class=\"elementor-inner\">\n\t\t\t\t\t\t\t<div class=\"elementor-section-wrap\">\n\t\t\t\t\t\t\t<section class=\"elementor-section elementor-top-section elementor-element elementor-element-8ju2543 elementor-section-stretched elementor-section-full_width elementor-section-height-default elementor-section-height-default\" data-id=\"8ju2543\" data-element_type=\"section\" data-settings=\"{&quot;stretch_section&quot;:&quot;section-stretched&quot;,&quot;background_background&quot;:&quot;classic&quot;}\">\n\t\t\t\t\t\t<div class=\"elementor-container elementor-column-gap-no\">\n\t\t\t\t\t\t\t<div class=\"elementor-row\">\n\t\t\t\t\t<div class=\"elementor-column elementor-col-100 elementor-top-column elementor-element elementor-element-te9geco\" data-id=\"te9geco\" data-element_type=\"column\">\n\t\t\t<div class=\"elementor-column-wrap elementor-element-populated\">\n\t\t\t\t\t\t\t<div class=\"elementor-widget-wrap\">\n\t\t\t\t\t\t<div class=\"elementor-element elementor-element-m1rnaq6 elementor-widget elementor-widget-backer-slider\" data-id=\"m1rnaq6\" data-element_type=\"widget\" data-widget_type=\"backer-slider.default\">\n\t\t\t\t<div class=\"elementor-widget-container\">\n\t\t\t<div class=\"themeum-product-slider\" style=\"visibility:hidden;\"><div class=\"item product-slider-items\"><div class=\"container\"><div class=\"row align-items-center\"><div class=\"col-md-6 col-sm-12 align-self-center\"><h2 class=\"product-slide-title\"><a href=\"https:\/\/cafes.trottet.ch\/dispa\/projet\/2239\/\">Nous cr\u00e9ons une fanfare pour l&rsquo;\u00e9cole primaire de Chichona.<\/a><\/h2><p class=\"product-slide-intro\"><h3><strong>A la recherche de CHF 1'000.- pour cr\u00e9er une fanfare \u00e0 l'\u00e9cole de Chichona au coeur du Costa Rica.<\/strong><\/h3><\/p><div class=\"product-timeline\"><ul><li><span class=\"woocommerce-Price-amount amount\"><span class=\"woocommerce-Price-currencySymbol\">&#67;&#72;&#70;<\/span>240.00<\/span><span class=\"price\">Collect\u00e9s<\/span><\/li><li><span class=\"woocommerce-Price-amount amount\"><span class=\"woocommerce-Price-currencySymbol\">&#67;&#72;&#70;<\/span>1'000.00<\/span><span class=\"price\">Objectif<\/span><\/li><li><span class=\"funding-amount\">0<\/span><span class=\"info-text\">Jours restants<\/span><\/li><\/ul><\/div><div class=\"thm-progress-bar\"><div class=\"progress\"><div class=\"progress-bar progress-bar-primary six-sec-ease-in-out\" role=\"progressbar\" data-valuetransitiongoal=\"24.00\" style=\"width:24.00%;\"><\/div><\/div><\/div><a class=\"btn btn-backer product-slide-btn\" href=\"https:\/\/cafes.trottet.ch\/dispa\/projet\/2239\/\">Soutenir le projet<\/a><\/div><div class=\"col-md-6 hidden-sm-down\"><img src=\"https:\/\/cafes.trottet.ch\/dispa\/wp-content\/uploads\/sites\/3\/2020\/06\/Ecole_Dispa2.png\" alt=\"slider images\" class=\"img-fluid\"><\/div><\/div><\/div><\/div><div class=\"item product-slider-items\"><div class=\"container\"><div class=\"row align-items-center\"><div class=\"col-md-6 col-sm-12 align-self-center\"><h2 class=\"product-slide-title\"><a href=\"https:\/\/cafes.trottet.ch\/dispa\/projet\/besoins-de-materiels-scolaires-pour-lecole-de-chichona\/\">Besoins de mat\u00e9riels scolaires pour l&rsquo;\u00e9cole de Chichona<\/a><\/h2><p class=\"product-slide-intro\">Notre productrice de caf\u00e9, Carole Zbinden, g\u00e8re une plantation au c\u0153ur du Costa Rica, ferme familiale, au c\u0153ur de El Quizarra <\/p><div class=\"product-timeline\"><ul><li><span class=\"woocommerce-Price-amount amount\"><span class=\"woocommerce-Price-currencySymbol\">&#67;&#72;&#70;<\/span>6'000.00<\/span><span class=\"price\">Collect\u00e9s<\/span><\/li><li><span class=\"woocommerce-Price-amount amount\"><span class=\"woocommerce-Price-currencySymbol\">&#67;&#72;&#70;<\/span>6'000.00<\/span><span class=\"price\">Objectif<\/span><\/li><li><span class=\"funding-amount\">0<\/span><span class=\"info-text\">Jours restants<\/span><\/li><\/ul><\/div><div class=\"thm-progress-bar\"><div class=\"progress\"><div class=\"progress-bar progress-bar-primary six-sec-ease-in-out\" role=\"progressbar\" data-valuetransitiongoal=\"100\" style=\"width:100%;\"><\/div><\/div><\/div><a class=\"btn btn-backer product-slide-btn\" href=\"https:\/\/cafes.trottet.ch\/dispa\/projet\/besoins-de-materiels-scolaires-pour-lecole-de-chichona\/\">Soutenir le projet<\/a><\/div><div class=\"col-md-6 hidden-sm-down\"><\/div><\/div><\/div><\/div><\/div>\t\t<\/div>\n\t\t\t\t<\/div>\n\t\t\t\t\t\t<\/div>\n\t\t\t\t\t<\/div>\n\t\t<\/div>\n\t\t\t\t\t\t\t\t<\/div>\n\t\t\t\t\t<\/div>\n\t\t<\/section>\n\t\t\t\t<section class=\"elementor-section elementor-top-section elementor-element elementor-element-tv690yv elementor-section-boxed elementor-section-height-default elementor-section-height-default\" data-id=\"tv690yv\" data-element_type=\"section\">\n\t\t\t\t\t\t<div class=\"elementor-container elementor-column-gap-default\">\n\t\t\t\t\t\t\t<div class=\"elementor-row\">\n\t\t\t\t\t<div class=\"elementor-column elementor-col-100 elementor-top-column elementor-element elementor-element-2boqsb3\" data-id=\"2boqsb3\" data-element_type=\"column\">\n\t\t\t<div class=\"elementor-column-wrap elementor-element-populated\">\n\t\t\t\t\t\t\t<div class=\"elementor-widget-wrap\">\n\t\t\t\t\t\t<div class=\"elementor-element elementor-element-mxys5uz elementor-widget elementor-widget-thm-title\" data-id=\"mxys5uz\" data-element_type=\"widget\" data-widget_type=\"thm-title.default\">\n\t\t\t\t<div class=\"elementor-widget-container\">\n\t\t\t\n\t\t<div class=\"backer-title-content-wrapper\">\n\n\t\t\t\t\t\t\t\t\t\t\t\t<h2 class=\"thm-heading-title bordered\"><span>Projets<\/span><\/h2>\n\t\t\t\t\t\t\t\t\t\t\t\n\t\t<\/div>\n\n\t\t\t\t<\/div>\n\t\t\t\t<\/div>\n\t\t\t\t<div class=\"elementor-element elementor-element-4541zxc elementor-widget elementor-widget-backer-product-grid\" data-id=\"4541zxc\" data-element_type=\"widget\" data-widget_type=\"backer-product-grid.default\">\n\t\t\t\t<div class=\"elementor-widget-container\">\n\t\t\t\t\t\t<div class=\"row\">\n\t\t\t\t\t\t\t\t\t\t\t\t<div class=\"col-12 col-sm-12 col-md-6 col-lg-4\">\t\t\t\t\t\t<div class=\"themeum-campaign-post\">\n\t\t\t\t\t\t\t\t\t\t\t\t\t\t\t<div class=\"themeum-campaign-img status-active\">\n\t\t\t\t\t\t\t\t\t<a class=\"review-item-image\"  href=\"https:\/\/cafes.trottet.ch\/dispa\/projet\/2239\/\">\n\t\t\t\t\t\t\t\t\t\t<img width=\"600\" height=\"500\" src=\"https:\/\/cafes.trottet.ch\/dispa\/wp-content\/uploads\/sites\/3\/2020\/06\/Ecole_Dispa2-600x500.png\" class=\"img-fluid wp-post-image\" alt=\"\" loading=\"lazy\" \/>\t\t\t\t\t\t\t\t\t<\/a>\n\t\t\t\t\t\t\t\t<\/div>\n\t\t\t\t\t\t\t\t\t\t\t\t\t\t<div class=\"themeum-campaign-post-content clearfix\">\n\t\t\t\t\t\t    \t<h3 class=\"entry-title\"><a href=\"https:\/\/cafes.trottet.ch\/dispa\/projet\/2239\/\">Nous cr\u00e9ons une fanfare pour l&rsquo;\u00e9cole primaire de Chichona.<\/a><\/h3>\n\t\t\t\t\t\t\t\t\t\t\t\t\t\t\t\t<p><h3><strong>A la recherche de CHF 1'000.- pour cr\u00e9er une fanfare \u00e0 l'\u00e9cole de Chichona au coeur du Costa Rica.<\/strong><\/h3><\/p>\n\t\t\t\t\t\t\t<\/div>\n\t\t\t\t\t\t\t<div class=\"progressbar-content-wrapper\">\n\t\t\t\t\t\t\t\t<div class=\"thm-progress-bar\">\n\t\t\t\t\t\t\t\t\t<div class=\"lead\"><span class=\"thm-Price-amount\"><span class=\"woocommerce-Price-amount amount\"><span class=\"woocommerce-Price-currencySymbol\">&#67;&#72;&#70;<\/span>240.00<\/span><\/span> Collect\u00e9s <span class=\"percentag pull-right\">24.00%<\/span><\/div>\n\t\t\t\t\t\t\t\t\t<div class=\"progress\">\n\t\t\t\t\t\t\t\t\t\t\t\t\t\t\t\t\t\t<div class=\"progress-bar progress-bar-primary six-sec-ease-in-out\" role=\"progressbar\" data-valuetransitiongoal=\"24.00\" style=\"width: 24.00%;\"><\/div>\n\t\t\t\t\t\t\t\t\t<\/div>\n\t\t\t\t\t\t\t\t<\/div>\n\n\n\t\t\t\t\t\t\t\t<div class=\"thm-funding-goal\">\n\t\t\t\t\t\t\t\t\t<div class=\"thm-meta-desc\"><span class=\"thm-Price-amount\"><span class=\"woocommerce-Price-amount amount\"><span class=\"woocommerce-Price-currencySymbol\">&#67;&#72;&#70;<\/span>1'000.00<\/span> <\/span>Objectif<\/div>\n\n\t\t\t\t\t\t\t\t\t\t\t\t\t\t\t\t\t    \t<div class=\"thm-meta-name pull-right\">0 Jours restants<\/div>\n\t\t\t\t\t\t\t\t\t\t\t\t\t\t\t\t\t<\/div>\n\n\n\t\t\t\t\t\t\t<\/div>\n\t\t\t\t\t\t\t<div class=\"themeum-campaign-location\">\n\t\t\t\t\t\t\t<span class=\"location\"><i class=\"fa fa-map-marker\"><\/i> Costa Rica<\/span>\n\t\t\t\t\t\t\t<\/div>\n\t\t\t\t\t\t<\/div>\n\t\t\t\t\t<\/div>\n\t\t\t\t\t\t\t\t\t<div class=\"col-12 col-sm-12 col-md-6 col-lg-4\">\t\t\t\t\t\t<div class=\"themeum-campaign-post\">\n\t\t\t\t\t\t\t\t\t\t\t\t\t\t\t<div class=\"themeum-campaign-img status-terminated\">\n\t\t\t\t\t\t\t\t\t<a class=\"review-item-image\"  href=\"https:\/\/cafes.trottet.ch\/dispa\/projet\/besoins-de-materiels-scolaires-pour-lecole-de-chichona\/\">\n\t\t\t\t\t\t\t\t\t\t<img width=\"600\" height=\"500\" src=\"https:\/\/cafes.trottet.ch\/dispa\/wp-content\/uploads\/sites\/3\/2020\/06\/projet-responsable-social-costa-rica-1-600x500.jpg\" class=\"img-fluid wp-post-image\" alt=\"\" loading=\"lazy\" \/>\t\t\t\t\t\t\t\t\t<\/a>\n\t\t\t\t\t\t\t\t<\/div>\n\t\t\t\t\t\t\t\t\t\t\t\t\t\t<div class=\"themeum-campaign-post-content clearfix\">\n\t\t\t\t\t\t    \t<h3 class=\"entry-title\"><a href=\"https:\/\/cafes.trottet.ch\/dispa\/projet\/besoins-de-materiels-scolaires-pour-lecole-de-chichona\/\">Besoins de mat\u00e9riels scolaires pour l&rsquo;\u00e9cole de Chichona<\/a><\/h3>\n\t\t\t\t\t\t\t\t\t\t\t\t\t\t\t\t<p>Notre productrice de caf\u00e9, Carole Zbinden, g\u00e8re une plantation au c\u0153ur du Costa Rica, ferme familiale, au c\u0153ur de El Quizarra <\/p>\n\t\t\t\t\t\t\t<\/div>\n\t\t\t\t\t\t\t<div class=\"progressbar-content-wrapper\">\n\t\t\t\t\t\t\t\t<div class=\"thm-progress-bar\">\n\t\t\t\t\t\t\t\t\t<div class=\"lead\"><span class=\"thm-Price-amount\"><span class=\"woocommerce-Price-amount amount\"><span class=\"woocommerce-Price-currencySymbol\">&#67;&#72;&#70;<\/span>6'000.00<\/span><\/span> Collect\u00e9s <span class=\"percentag pull-right\">100.00%<\/span><\/div>\n\t\t\t\t\t\t\t\t\t<div class=\"progress\">\n\t\t\t\t\t\t\t\t\t\t\t\t\t\t\t\t\t\t<div class=\"progress-bar progress-bar-primary six-sec-ease-in-out\" role=\"progressbar\" data-valuetransitiongoal=\"100\" style=\"width: 100%;\"><\/div>\n\t\t\t\t\t\t\t\t\t<\/div>\n\t\t\t\t\t\t\t\t<\/div>\n\n\n\t\t\t\t\t\t\t\t<div class=\"thm-funding-goal\">\n\t\t\t\t\t\t\t\t\t<div class=\"thm-meta-desc\"><span class=\"thm-Price-amount\"><span class=\"woocommerce-Price-amount amount\"><span class=\"woocommerce-Price-currencySymbol\">&#67;&#72;&#70;<\/span>6'000.00<\/span> <\/span>Objectif<\/div>\n\n\t\t\t\t\t\t\t\t\t\t\t\t\t\t\t\t\t    \t<div class=\"thm-meta-name pull-right\">0 Jours restants<\/div>\n\t\t\t\t\t\t\t\t\t\t\t\t\t\t\t\t\t<\/div>\n\n\n\t\t\t\t\t\t\t<\/div>\n\t\t\t\t\t\t\t<div class=\"themeum-campaign-location\">\n\t\t\t\t\t\t\t<span class=\"location\"><i class=\"fa fa-map-marker\"><\/i> Costa Rica<\/span>\n\t\t\t\t\t\t\t<\/div>\n\t\t\t\t\t\t<\/div>\n\t\t\t\t\t<\/div>\n\t\t\t\t\t\t\t        <div class=\"col-12\">\n\t\t\t\t        \t\t\t        <\/div>\n\t\t\t    \t\t\t\t\t<\/div>\n\t\n\n\t\t\t<\/div>\n\t\t\t\t<\/div>\n\t\t\t\t\t\t<\/div>\n\t\t\t\t\t<\/div>\n\t\t<\/div>\n\t\t\t\t\t\t\t\t<\/div>\n\t\t\t\t\t<\/div>\n\t\t<\/section>\n\t\t\t\t<section class=\"elementor-section elementor-top-section elementor-element elementor-element-o31mprz elementor-section-boxed elementor-section-height-default elementor-section-height-default\" data-id=\"o31mprz\" data-element_type=\"section\">\n\t\t\t\t\t\t<div class=\"elementor-container elementor-column-gap-default\">\n\t\t\t\t\t\t\t<div class=\"elementor-row\">\n\t\t\t\t\t<div class=\"elementor-column elementor-col-50 elementor-top-column elementor-element elementor-element-88nujr3\" data-id=\"88nujr3\" data-element_type=\"column\">\n\t\t\t<div class=\"elementor-column-wrap elementor-element-populated\">\n\t\t\t\t\t\t\t<div class=\"elementor-widget-wrap\">\n\t\t\t\t\t\t<div class=\"elementor-element elementor-element-1qx55ta elementor-widget elementor-widget-thm-campaign\" data-id=\"1qx55ta\" data-element_type=\"widget\" data-widget_type=\"thm-campaign.default\">\n\t\t\t\t<div class=\"elementor-widget-container\">\n\t\t\t \n        <div class=\"themeum-campaign-wrapper\" style=\"background-image:url(https:\/\/cafes.trottet.ch\/dispa\/wp-content\/uploads\/sites\/3\/2017\/05\/stacy-wyss.png)\">\n\n            <div class=\"campaign-image\">\n                                                            <h3 class=\"camp-title\">Centre d'aide<\/h3>\n                                                        <a class=\"camp-button btn btn-border-white\" href=\"https:\/\/cafes.trottet.ch\/dispa\/faq\/\">Ouvrir<\/a>\n                            <\/div>\n        <\/div>\n\n    \t\t<\/div>\n\t\t\t\t<\/div>\n\t\t\t\t\t\t<\/div>\n\t\t\t\t\t<\/div>\n\t\t<\/div>\n\t\t\t\t<div class=\"elementor-column elementor-col-50 elementor-top-column elementor-element elementor-element-odzu6eb\" data-id=\"odzu6eb\" data-element_type=\"column\">\n\t\t\t<div class=\"elementor-column-wrap elementor-element-populated\">\n\t\t\t\t\t\t\t<div class=\"elementor-widget-wrap\">\n\t\t\t\t\t\t<div class=\"elementor-element elementor-element-6dz6hru elementor-widget elementor-widget-thm-campaign\" data-id=\"6dz6hru\" data-element_type=\"widget\" data-widget_type=\"thm-campaign.default\">\n\t\t\t\t<div class=\"elementor-widget-container\">\n\t\t\t \n        <div class=\"themeum-campaign-wrapper\" style=\"background-image:url(https:\/\/cafes.trottet.ch\/dispa\/wp-content\/uploads\/sites\/3\/2017\/05\/ben-white.jpg)\">\n\n            <div class=\"campaign-image\">\n                                                            <h3 class=\"camp-title\">Proposer un projet<\/h3>\n                                                        <a class=\"camp-button btn btn-border-white\" href=\"https:\/\/cafes.trottet.ch\/dispa\/proposer-projet\/\">D\u00e9marrer<\/a>\n                            <\/div>\n        <\/div>\n\n    \t\t<\/div>\n\t\t\t\t<\/div>\n\t\t\t\t\t\t<\/div>\n\t\t\t\t\t<\/div>\n\t\t<\/div>\n\t\t\t\t\t\t\t\t<\/div>\n\t\t\t\t\t<\/div>\n\t\t<\/section>\n\t\t\t\t<section class=\"elementor-section elementor-top-section elementor-element elementor-element-fm3tior elementor-hidden-desktop elementor-hidden-tablet elementor-hidden-phone elementor-section-boxed elementor-section-height-default elementor-section-height-default\" data-id=\"fm3tior\" data-element_type=\"section\" data-settings=\"{&quot;background_background&quot;:&quot;classic&quot;}\">\n\t\t\t\t\t\t<div class=\"elementor-container elementor-column-gap-default\">\n\t\t\t\t\t\t\t<div class=\"elementor-row\">\n\t\t\t\t\t<div class=\"elementor-column elementor-col-100 elementor-top-column elementor-element elementor-element-pgu2f3w\" data-id=\"pgu2f3w\" data-element_type=\"column\">\n\t\t\t<div class=\"elementor-column-wrap elementor-element-populated\">\n\t\t\t\t\t\t\t<div class=\"elementor-widget-wrap\">\n\t\t\t\t\t\t<div class=\"elementor-element elementor-element-ijwf069 elementor-widget elementor-widget-image-carousel\" data-id=\"ijwf069\" data-element_type=\"widget\" data-settings=\"{&quot;slides_to_show&quot;:&quot;7&quot;,&quot;navigation&quot;:&quot;none&quot;,&quot;image_spacing_custom&quot;:{&quot;unit&quot;:&quot;px&quot;,&quot;size&quot;:50,&quot;sizes&quot;:[]},&quot;autoplay&quot;:&quot;yes&quot;,&quot;pause_on_hover&quot;:&quot;yes&quot;,&quot;pause_on_interaction&quot;:&quot;yes&quot;,&quot;autoplay_speed&quot;:5000,&quot;infinite&quot;:&quot;yes&quot;,&quot;speed&quot;:500}\" data-widget_type=\"image-carousel.default\">\n\t\t\t\t<div class=\"elementor-widget-container\">\n\t\t\t\t\t<div class=\"elementor-image-carousel-wrapper swiper-container\" dir=\"ltr\">\n\t\t\t<div class=\"elementor-image-carousel swiper-wrapper\">\n\t\t\t\t<div class=\"swiper-slide\"><figure class=\"swiper-slide-inner\"><img class=\"swiper-slide-image\" src=\"https:\/\/cafes.trottet.ch\/dispa\/wp-content\/uploads\/sites\/3\/2017\/05\/partner1.png\" alt=\"partner1\" \/><\/figure><\/div><div class=\"swiper-slide\"><figure class=\"swiper-slide-inner\"><img class=\"swiper-slide-image\" src=\"https:\/\/cafes.trottet.ch\/dispa\/wp-content\/uploads\/sites\/3\/2017\/05\/partner2.png\" alt=\"partner2\" \/><\/figure><\/div><div class=\"swiper-slide\"><figure class=\"swiper-slide-inner\"><img class=\"swiper-slide-image\" src=\"https:\/\/cafes.trottet.ch\/dispa\/wp-content\/uploads\/sites\/3\/2017\/05\/partner3.png\" alt=\"partner3\" \/><\/figure><\/div><div class=\"swiper-slide\"><figure class=\"swiper-slide-inner\"><img class=\"swiper-slide-image\" src=\"https:\/\/cafes.trottet.ch\/dispa\/wp-content\/uploads\/sites\/3\/2017\/05\/partner4.png\" alt=\"partner4\" \/><\/figure><\/div><div class=\"swiper-slide\"><figure class=\"swiper-slide-inner\"><img class=\"swiper-slide-image\" src=\"https:\/\/cafes.trottet.ch\/dispa\/wp-content\/uploads\/sites\/3\/2017\/05\/partner5.png\" alt=\"partner5\" \/><\/figure><\/div><div class=\"swiper-slide\"><figure class=\"swiper-slide-inner\"><img class=\"swiper-slide-image\" src=\"https:\/\/cafes.trottet.ch\/dispa\/wp-content\/uploads\/sites\/3\/2017\/05\/partner6.png\" alt=\"partner6\" \/><\/figure><\/div><div class=\"swiper-slide\"><figure class=\"swiper-slide-inner\"><img class=\"swiper-slide-image\" src=\"https:\/\/cafes.trottet.ch\/dispa\/wp-content\/uploads\/sites\/3\/2017\/05\/partner7.png\" alt=\"partner7\" \/><\/figure><\/div><div class=\"swiper-slide\"><figure class=\"swiper-slide-inner\"><img class=\"swiper-slide-image\" src=\"https:\/\/cafes.trottet.ch\/dispa\/wp-content\/uploads\/sites\/3\/2017\/05\/partner8.png\" alt=\"partner8\" \/><\/figure><\/div>\t\t\t<\/div>\n\t\t\t\t\t\t\t\t\t\t\t\t\t\t\t\t<\/div>\n\t\t\t\t<\/div>\n\t\t\t\t<\/div>\n\t\t\t\t\t\t<\/div>\n\t\t\t\t\t<\/div>\n\t\t<\/div>\n\t\t\t\t\t\t\t\t<\/div>\n\t\t\t\t\t<\/div>\n\t\t<\/section>\n\t\t\t\t\t\t<\/div>\n\t\t\t\t\t\t<\/div>\n\t\t\t\t\t<\/div>\n\t\t","protected":false},"excerpt":{"rendered":"<p>Nous cr\u00e9ons une fanfare pour l&rsquo;\u00e9cole primaire de Chichona. A la recherche de CHF 1&rsquo;000.- pour cr\u00e9er une fanfare \u00e0 l&rsquo;\u00e9cole de Chichona au coeur du Costa Rica. &#67;&#72;&#70;0.00Collect\u00e9s &#67;&#72;&#70;1&rsquo;000.00Objectif 182Jours restants Soutenir le projet Besoins de mat\u00e9riels scolaires pour l&rsquo;\u00e9cole de Chichona Notre productrice de caf\u00e9, Carole Zbinden, g\u00e8re une plantation au c\u0153ur du [&hellip;]<\/p>\n","protected":false},"author":15,"featured_media":0,"parent":0,"menu_order":0,"comment_status":"closed","ping_status":"closed","template":"homepage.php","meta":[],"wpcf_dashboard":"<div class=\"woocommerce\"><div class=\"woocommerce-info\">Veuillez d\u2019abord vous identifier\u00a0? <a class=\"wpneoShowLogin\" href=\"#\">Cliquez ici pour vous identifier<\/a><\/div><div class=\"wpneo_login_form_div\" style=\"display: none;\"><form name=\"loginform\" id=\"loginform\" action=\"https:\/\/cafes.trottet.ch\/dispa\/wp-login.php\" method=\"post\"><p class=\"login-username\">\n\t\t\t\t<label for=\"user_login\">Identifiant ou adresse e-mail<\/label>\n\t\t\t\t<input type=\"text\" name=\"log\" id=\"user_login\" class=\"input\" value=\"\" size=\"20\" \/>\n\t\t\t<\/p><p class=\"login-password\">\n\t\t\t\t<label for=\"user_pass\">Mot de passe<\/label>\n\t\t\t\t<input type=\"password\" name=\"pwd\" id=\"user_pass\" class=\"input\" value=\"\" size=\"20\" \/>\n\t\t\t<\/p><p class=\"login-remember\"><label><input name=\"rememberme\" type=\"checkbox\" id=\"rememberme\" value=\"forever\" \/> Se souvenir de moi<\/label><\/p><p class=\"login-submit\">\n\t\t\t\t<input type=\"submit\" name=\"wp-submit\" id=\"wp-submit\" class=\"button button-primary\" value=\"Se connecter\" \/>\n\t\t\t\t<input type=\"hidden\" name=\"redirect_to\" value=\"https:\/\/cafes.trottet.ch\/dispa\/wp-json\/wp\/v2\/pages\/24\" \/>\n\t\t\t<\/p><\/form><\/div><\/div>","_links":{"self":[{"href":"https:\/\/cafes.trottet.ch\/dispa\/wp-json\/wp\/v2\/pages\/24"}],"collection":[{"href":"https:\/\/cafes.trottet.ch\/dispa\/wp-json\/wp\/v2\/pages"}],"about":[{"href":"https:\/\/cafes.trottet.ch\/dispa\/wp-json\/wp\/v2\/types\/page"}],"author":[{"embeddable":true,"href":"https:\/\/cafes.trottet.ch\/dispa\/wp-json\/wp\/v2\/users\/15"}],"replies":[{"embeddable":true,"href":"https:\/\/cafes.trottet.ch\/dispa\/wp-json\/wp\/v2\/comments?post=24"}],"version-history":[{"count":19,"href":"https:\/\/cafes.trottet.ch\/dispa\/wp-json\/wp\/v2\/pages\/24\/revisions"}],"predecessor-version":[{"id":2277,"href":"https:\/\/cafes.trottet.ch\/dispa\/wp-json\/wp\/v2\/pages\/24\/revisions\/2277"}],"wp:attachment":[{"href":"https:\/\/cafes.trottet.ch\/dispa\/wp-json\/wp\/v2\/media?parent=24"}],"curies":[{"name":"wp","href":"https:\/\/api.w.org\/{rel}","templated":true}]}}